{"id":5,"date":"2012-02-22T11:33:33","date_gmt":"2012-02-22T11:33:33","guid":{"rendered":"http:\/\/www.gattoostudio.com\/web\/?page_id=5"},"modified":"2024-12-13T18:43:03","modified_gmt":"2024-12-13T18:43:03","slug":"paginainicio","status":"publish","type":"page","link":"http:\/\/www.gattoostudio.com\/web\/","title":{"rendered":"Inicio"},"content":{"rendered":"<h1 id=\"Panel\">Bienvenidos a Gattoo Studio<\/h1>\n<p><strong>Gattoo Studio<\/strong>, es un&nbsp; un estudio profesional de tatuajes, piercing y micropigmentaci\u00f3n en Gij\u00f3n.<\/p>\n<p>Si has decidido&nbsp; hacerte un tatuaje, en nuestro estudio encontrar\u00e1s miles de dise\u00f1os.<\/p>\n<p>Tambi\u00e9n puedes tatuarte un dise\u00f1o realizado por t\u00ed mismo, puedes entremezclar un dise\u00f1o con otro. Si por el contrario, no tienes claro el dibujo que deseas nosotros te ayudaremos a realizar un dise\u00f1o que se ajuste a tu gusto.<\/p>\n<p>Tambi\u00e9n hacemos cover up, si quieres tapar o modificar tu&nbsp;viejo o ya no deseado tatuaje.<br \/>\nDisponemos de material desechable 100%, cumplimos con la normativa higienico sanitarias para locales de tatuajes.<\/p>\n<p><em><strong>Para hacerte el tatuaje deber\u00e1s coger cita previa<\/strong><\/em><\/p>\n<h2>Para la menor interrupci\u00f3n durante la realizaci\u00f3n de los trabajos, para solucionar consultas y coger citas; llama o ven a la tienda entre las 19h y las 20h o ponte en contacto conmigo &nbsp;por correo electronico.<\/h2>\n<p>Si eres menor de edad deber\u00e1s venir acompa\u00f1ado de tu tutor legal, ya sea para tattoo o piercing, de lo contrario no podr\u00e1s hac\u00e9rtelo.<\/p>\n<p>\u00a1Te doy un consejo!<br \/>\nSi te vas a tatuar, piensa muy bien qu\u00e9 hacerte y&nbsp;d\u00f3nde y.. siempre&nbsp;se t\u00fa mismo..<br \/>\nMe&nbsp;llamo Ana, soy la tatuadora &nbsp;y para cualquier consulta ya sabeis d\u00f3nde estamos.<\/p>\n<p>&nbsp;<\/p>\n<p><strong>Mi instagram es <a href=\"https:\/\/www.instagram.com\/gattoo_studio_tatuajes\">gattoo_studio_tatuajes<\/a><\/strong><\/p>\n<p>Tambi\u00e9n estoy en facebook como&nbsp;<a href=\"http:\/\/www.facebook.com\/gattooana\">gattoo studio<\/a> y en <a href=\"http:\/\/www.facebook.com\/anagattoo\">Ana M\u00aa&nbsp;Arboli Ballesteros<\/a>.<\/p>\n<p>Mi correo es &nbsp;<a href=\"mailto:ana@gattoostudio.com\">ana@gattoostudio.com<\/a><\/p>\n<p>&nbsp;<\/p>\n<p>\u00a1Nos vemos!<\/p>\n<p><a href=\"http:\/\/www.gattoostudio.com\/web\/wp-content\/uploads\/2012\/02\/Cartel-Gattoo-Studio.jpg\"><img loading=\"lazy\" decoding=\"async\" class=\"aligncenter size-medium wp-image-292\" title=\"Cartel-Gattoo-Studio\" src=\"http:\/\/www.gattoostudio.com\/web\/wp-content\/uploads\/2012\/02\/Cartel-Gattoo-Studio-300x225.jpg\" alt=\"\" width=\"300\" height=\"225\" srcset=\"http:\/\/www.gattoostudio.com\/web\/wp-content\/uploads\/2012\/02\/Cartel-Gattoo-Studio-300x225.jpg 300w, http:\/\/www.gattoostudio.com\/web\/wp-content\/uploads\/2012\/02\/Cartel-Gattoo-Studio.jpg 900w\" sizes=\"auto, (max-width: 300px) 100vw, 300px\" \/><\/a><\/p>\n<p>&nbsp;<\/p>\n<p><a href=\"http:\/\/www.gattoostudio.com\/web\/wp-content\/uploads\/2012\/02\/Ana-y-el-gato.jpg\"><img loading=\"lazy\" decoding=\"async\" class=\"aligncenter size-medium wp-image-293\" title=\"Ana-y-el-gato\" src=\"http:\/\/www.gattoostudio.com\/web\/wp-content\/uploads\/2012\/02\/Ana-y-el-gato-224x300.jpg\" alt=\"\" width=\"224\" height=\"300\" srcset=\"http:\/\/www.gattoostudio.com\/web\/wp-content\/uploads\/2012\/02\/Ana-y-el-gato-224x300.jpg 224w, http:\/\/www.gattoostudio.com\/web\/wp-content\/uploads\/2012\/02\/Ana-y-el-gato.jpg 717w\" sizes=\"auto, (max-width: 224px) 100vw, 224px\" \/><\/a><\/p>\n<p>&nbsp;<\/p>\n<p><a href=\"http:\/\/www.gattoostudio.com\/web\/wp-content\/uploads\/2012\/02\/instalaciones.jpg\"><img loading=\"lazy\" decoding=\"async\" class=\"aligncenter size-medium wp-image-540\" src=\"http:\/\/www.gattoostudio.com\/web\/wp-content\/uploads\/2012\/02\/instalaciones-300x300.jpg\" alt=\"instalaciones\" width=\"300\" height=\"300\" srcset=\"http:\/\/www.gattoostudio.com\/web\/wp-content\/uploads\/2012\/02\/instalaciones-300x300.jpg 300w, http:\/\/www.gattoostudio.com\/web\/wp-content\/uploads\/2012\/02\/instalaciones-150x150.jpg 150w, http:\/\/www.gattoostudio.com\/web\/wp-content\/uploads\/2012\/02\/instalaciones.jpg 960w\" sizes=\"auto, (max-width: 300px) 100vw, 300px\" \/><\/a><\/p>\n<p>&nbsp;<\/p>\n<p><a href=\"http:\/\/www.gattoostudio.com\/web\/wp-content\/uploads\/2012\/02\/batman-y-catwoman.jpg\"><img loading=\"lazy\" decoding=\"async\" class=\"aligncenter size-medium wp-image-541\" src=\"http:\/\/www.gattoostudio.com\/web\/wp-content\/uploads\/2012\/02\/batman-y-catwoman-225x300.jpg\" alt=\"batman y catwoman\" width=\"225\" height=\"300\" srcset=\"http:\/\/www.gattoostudio.com\/web\/wp-content\/uploads\/2012\/02\/batman-y-catwoman-225x300.jpg 225w, http:\/\/www.gattoostudio.com\/web\/wp-content\/uploads\/2012\/02\/batman-y-catwoman.jpg 720w\" sizes=\"auto, (max-width: 225px) 100vw, 225px\" \/><\/a><\/p>\n<p>&nbsp;<\/p>\n<p><a href=\"http:\/\/www.gattoostudio.com\/web\/wp-content\/uploads\/2012\/02\/gato-egipcio.jpg\"><img loading=\"lazy\" decoding=\"async\" class=\"aligncenter size-medium wp-image-543\" src=\"http:\/\/www.gattoostudio.com\/web\/wp-content\/uploads\/2012\/02\/gato-egipcio-225x300.jpg\" alt=\"gato egipcio\" width=\"225\" height=\"300\" srcset=\"http:\/\/www.gattoostudio.com\/web\/wp-content\/uploads\/2012\/02\/gato-egipcio-225x300.jpg 225w, http:\/\/www.gattoostudio.com\/web\/wp-content\/uploads\/2012\/02\/gato-egipcio.jpg 720w\" sizes=\"auto, (max-width: 225px) 100vw, 225px\" \/><\/a><\/p>\n<p>&nbsp;<\/p>\n<p><a href=\"http:\/\/www.gattoostudio.com\/web\/wp-content\/uploads\/2012\/02\/maniqui-catwoman.jpg\"><img loading=\"lazy\" decoding=\"async\" class=\"aligncenter size-medium wp-image-544\" src=\"http:\/\/www.gattoostudio.com\/web\/wp-content\/uploads\/2012\/02\/maniqui-catwoman-219x300.jpg\" alt=\"maniqui catwoman\" width=\"219\" height=\"300\" srcset=\"http:\/\/www.gattoostudio.com\/web\/wp-content\/uploads\/2012\/02\/maniqui-catwoman-219x300.jpg 219w, http:\/\/www.gattoostudio.com\/web\/wp-content\/uploads\/2012\/02\/maniqui-catwoman.jpg 703w\" sizes=\"auto, (max-width: 219px) 100vw, 219px\" \/><\/a><\/p>\n<p>&nbsp;<\/p>\n<p><a href=\"http:\/\/www.gattoostudio.com\/web\/wp-content\/uploads\/2012\/02\/maniqui-catwoman-bis.jpg\"><img loading=\"lazy\" decoding=\"async\" class=\"aligncenter size-medium wp-image-545\" src=\"http:\/\/www.gattoostudio.com\/web\/wp-content\/uploads\/2012\/02\/maniqui-catwoman-bis-225x300.jpg\" alt=\"maniqui catwoman bis\" width=\"225\" height=\"300\" srcset=\"http:\/\/www.gattoostudio.com\/web\/wp-content\/uploads\/2012\/02\/maniqui-catwoman-bis-225x300.jpg 225w, http:\/\/www.gattoostudio.com\/web\/wp-content\/uploads\/2012\/02\/maniqui-catwoman-bis.jpg 720w\" sizes=\"auto, (max-width: 225px) 100vw, 225px\" \/><\/a><\/p>\n<p>&nbsp;<\/p>\n<p><a href=\"http:\/\/www.gattoostudio.com\/web\/wp-content\/uploads\/2012\/02\/sillon-tatuaje.jpg\"><img loading=\"lazy\" decoding=\"async\" class=\"aligncenter size-medium wp-image-547\" src=\"http:\/\/www.gattoostudio.com\/web\/wp-content\/uploads\/2012\/02\/sillon-tatuaje-300x225.jpg\" alt=\"sillon tatuaje\" width=\"300\" height=\"225\" srcset=\"http:\/\/www.gattoostudio.com\/web\/wp-content\/uploads\/2012\/02\/sillon-tatuaje-300x225.jpg 300w, http:\/\/www.gattoostudio.com\/web\/wp-content\/uploads\/2012\/02\/sillon-tatuaje.jpg 720w\" sizes=\"auto, (max-width: 300px) 100vw, 300px\" \/><\/a><\/p>\n","protected":false},"excerpt":{"rendered":"<p>Bienvenidos a Gattoo Studio Gattoo Studio, es un&nbsp; un estudio profesional de tatuajes, piercing y micropigmentaci\u00f3n en Gij\u00f3n. Si has decidido&nbsp; hacerte un tatuaje, en nuestro estudio encontrar\u00e1s miles de dise\u00f1os. Tambi\u00e9n puedes tatuarte un dise\u00f1o realizado por t\u00ed mismo,&hellip;<\/p>\n","protected":false},"author":1,"featured_media":0,"parent":0,"menu_order":10,"comment_status":"closed","ping_status":"open","template":"","meta":{"ngg_post_thumbnail":0,"footnotes":""},"class_list":["post-5","page","type-page","status-publish","hentry"],"aioseo_notices":[],"_links":{"self":[{"href":"http:\/\/www.gattoostudio.com\/web\/wp-json\/wp\/v2\/pages\/5","targetHints":{"allow":["GET"]}}],"collection":[{"href":"http:\/\/www.gattoostudio.com\/web\/wp-json\/wp\/v2\/pages"}],"about":[{"href":"http:\/\/www.gattoostudio.com\/web\/wp-json\/wp\/v2\/types\/page"}],"author":[{"embeddable":true,"href":"http:\/\/www.gattoostudio.com\/web\/wp-json\/wp\/v2\/users\/1"}],"replies":[{"embeddable":true,"href":"http:\/\/www.gattoostudio.com\/web\/wp-json\/wp\/v2\/comments?post=5"}],"version-history":[{"count":27,"href":"http:\/\/www.gattoostudio.com\/web\/wp-json\/wp\/v2\/pages\/5\/revisions"}],"predecessor-version":[{"id":833,"href":"http:\/\/www.gattoostudio.com\/web\/wp-json\/wp\/v2\/pages\/5\/revisions\/833"}],"wp:attachment":[{"href":"http:\/\/www.gattoostudio.com\/web\/wp-json\/wp\/v2\/media?parent=5"}],"curies":[{"name":"wp","href":"https:\/\/api.w.org\/{rel}","templated":true}]}}