{"id":17,"date":"2012-02-22T12:06:11","date_gmt":"2012-02-22T12:06:11","guid":{"rendered":"http:\/\/www.gattoostudio.com\/web\/?page_id=17"},"modified":"2024-12-10T18:47:14","modified_gmt":"2024-12-10T18:47:14","slug":"contacto","status":"publish","type":"page","link":"http:\/\/www.gattoostudio.com\/web\/contacto\/","title":{"rendered":"Contacto"},"content":{"rendered":"<p><strong>Gattoo Studio<\/strong><br \/>\nC\/. General Su\u00e1rez Vald\u00e9s, 7<br \/>\nFrente al Centro Comercial El Coto<br \/>\n33204 Gij\u00f3n &#8211; Asturias<\/p>\n<p>ana@gattoostudio.com<\/p>\n<p>Si lo deseas, puedes llamarnos al siguiente tel\u00e9fono:<strong><br \/>\n672 23 52 73<\/strong><\/p>\n<p><a href=\"http:\/\/www.gattoostudio.com\/web\/wp-content\/uploads\/2024\/12\/mapa.png\"><img loading=\"lazy\" decoding=\"async\" class=\"size-medium wp-image-825 alignleft\" src=\"http:\/\/www.gattoostudio.com\/web\/wp-content\/uploads\/2024\/12\/mapa-300x170.png\" alt=\"mapa GattooStudio\" width=\"300\" height=\"170\" srcset=\"http:\/\/www.gattoostudio.com\/web\/wp-content\/uploads\/2024\/12\/mapa-300x170.png 300w, http:\/\/www.gattoostudio.com\/web\/wp-content\/uploads\/2024\/12\/mapa-768x435.png 768w, http:\/\/www.gattoostudio.com\/web\/wp-content\/uploads\/2024\/12\/mapa.png 821w\" sizes=\"auto, (max-width: 300px) 100vw, 300px\" \/><\/a><\/p>\n<p>&nbsp;<\/p>\n<p>&nbsp;<\/p>\n<p>&nbsp;<\/p>\n<p>&nbsp;<\/p>\n<p><a style=\"color: #0000ff; text-align: left;\" href=\"http:\/\/maps.google.es\/maps?f=q&amp;source=embed&amp;hl=es&amp;geocode=&amp;q=Calle+del+General+Su%C3%A1rez+Vald%C3%A9s,+7,+Gij%C3%B3n&amp;aq=0&amp;oq=C%2F.+General+Su%C3%A1rez+Vald%C3%A9s,+7&amp;sll=40.396764,-3.713379&amp;sspn=9.249861,14.128418&amp;ie=UTF8&amp;hq=&amp;hnear=Calle+del+General+Su%C3%A1rez+Vald%C3%A9s,+7,+33204+Gij%C3%B3n,+Asturias,+Principado+de+Asturias&amp;t=m&amp;z=14&amp;ll=43.534035,-5.648435\">Ver mapa m\u00e1s grande<br \/>\n<\/a><br \/>\n<span style=\"color: #000000;\"><strong>Toda nuestra informaci\u00f3n de contacto en tu tel\u00e9fono m\u00f3vil&nbsp;<\/strong><\/span><br \/>\n<a href=\"http:\/\/www.gattoostudio.com\/web\/wp-content\/uploads\/2012\/02\/qr_gattoostudio.png\"><img loading=\"lazy\" decoding=\"async\" class=\"alignleft size-full wp-image-19\" title=\"qr_gattoostudio\" src=\"http:\/\/www.gattoostudio.com\/web\/wp-content\/uploads\/2012\/02\/qr_gattoostudio.png\" alt=\"QR Gattoostudio\" width=\"228\" height=\"228\" srcset=\"http:\/\/www.gattoostudio.com\/web\/wp-content\/uploads\/2012\/02\/qr_gattoostudio.png 228w, http:\/\/www.gattoostudio.com\/web\/wp-content\/uploads\/2012\/02\/qr_gattoostudio-150x150.png 150w\" sizes=\"auto, (max-width: 228px) 100vw, 228px\" \/><\/a><\/p>\n<div>\n<p>Gattoo Studio<br \/>\nGeneral Su\u00e1rez Vald\u00e9s, 7<br \/>\nGij\u00f3n (Asturias)<br \/>\nEspa\u00f1a<\/p>\n<p>Movil: 672235273<br \/>\nEmail: ana@gattoostudio.com<br \/>\nWeb: www.gattoostudio.com<\/p>\n<\/div>\n","protected":false},"excerpt":{"rendered":"<p>Gattoo Studio C\/. General Su\u00e1rez Vald\u00e9s, 7 Frente al Centro Comercial El Coto 33204 Gij\u00f3n &#8211; Asturias ana@gattoostudio.com Si lo deseas, puedes llamarnos al siguiente tel\u00e9fono: 672 23 52 73 &nbsp; &nbsp; &nbsp; &nbsp; Ver mapa m\u00e1s grande Toda nuestra&hellip;<\/p>\n","protected":false},"author":1,"featured_media":0,"parent":0,"menu_order":100,"comment_status":"closed","ping_status":"open","template":"","meta":{"ngg_post_thumbnail":0,"footnotes":""},"class_list":["post-17","page","type-page","status-publish","hentry"],"aioseo_notices":[],"_links":{"self":[{"href":"http:\/\/www.gattoostudio.com\/web\/wp-json\/wp\/v2\/pages\/17","targetHints":{"allow":["GET"]}}],"collection":[{"href":"http:\/\/www.gattoostudio.com\/web\/wp-json\/wp\/v2\/pages"}],"about":[{"href":"http:\/\/www.gattoostudio.com\/web\/wp-json\/wp\/v2\/types\/page"}],"author":[{"embeddable":true,"href":"http:\/\/www.gattoostudio.com\/web\/wp-json\/wp\/v2\/users\/1"}],"replies":[{"embeddable":true,"href":"http:\/\/www.gattoostudio.com\/web\/wp-json\/wp\/v2\/comments?post=17"}],"version-history":[{"count":15,"href":"http:\/\/www.gattoostudio.com\/web\/wp-json\/wp\/v2\/pages\/17\/revisions"}],"predecessor-version":[{"id":826,"href":"http:\/\/www.gattoostudio.com\/web\/wp-json\/wp\/v2\/pages\/17\/revisions\/826"}],"wp:attachment":[{"href":"http:\/\/www.gattoostudio.com\/web\/wp-json\/wp\/v2\/media?parent=17"}],"curies":[{"name":"wp","href":"https:\/\/api.w.org\/{rel}","templated":true}]}}